{"id":361,"date":"2019-11-25T12:15:13","date_gmt":"2019-11-25T11:15:13","guid":{"rendered":"http:\/\/naftictest.es\/museo\/?page_id=361"},"modified":"2020-04-14T09:24:29","modified_gmt":"2020-04-14T07:24:29","slug":"museo","status":"publish","type":"page","link":"https:\/\/guadameciomeya.com\/en\/museo\/","title":{"rendered":"Museum"},"content":{"rendered":"<div id=\"pl-361\"  class=\"panel-layout\" ><div id=\"pg-361-0\"  class=\"panel-grid panel-no-style\" ><div id=\"pgc-361-0-0\"  class=\"panel-grid-cell\" ><div id=\"panel-361-0-0-0\" class=\"widget_text so-panel widget widget_custom_html panel-first-child panel-last-child\" data-index=\"0\" ><div class=\"widget_text panel-widget-style panel-widget-style-for-361-0-0-0\" ><div class=\"textwidget custom-html-widget\"><div style=\"width:100%;float:left;\"><img decoding=\"async\" src=\"https:\/\/guadameciomeya.com\/wp-content\/uploads\/2019\/11\/titulo_museo.png\" width=\"700\"><\/div>\n<img decoding=\"async\" src=\"https:\/\/guadameciomeya.com\/wp-content\/uploads\/2019\/12\/img-rombo.png\" style=\"margin:30px 0;\">\n<div style=\"width:100%;float:left;\">\n\t<h1 class=\"title-page\">A Unique Museum-House In The World <\/h1>\n\t<p class=\"text-dest\">This Museum-House is <strong>unique in the world<\/strong> as it shows the recovery of the original Omeya techniques to work on the leather used like decoration.<\/p>\n<\/div><\/div><\/div><\/div><\/div><\/div><div id=\"pg-361-1\"  class=\"panel-grid panel-has-style\" ><div class=\"siteorigin-panels-stretch panel-row-style panel-row-style-for-361-1\" data-stretch-type=\"full-stretched\" ><div id=\"pgc-361-1-0\"  class=\"panel-grid-cell\" ><div class=\"panel-cell-style panel-cell-style-for-361-1-0\" ><div id=\"panel-361-1-0-0\" class=\"widget_text so-panel widget widget_custom_html panel-first-child\" data-index=\"1\" ><div class=\"widget_text fondo_museo panel-widget-style panel-widget-style-for-361-1-0-0\" ><div class=\"textwidget custom-html-widget\">&nbsp;<\/div><\/div><\/div><div id=\"panel-361-1-0-1\" class=\"so-panel widget widget_sow-image panel-last-child\" data-index=\"2\" ><div class=\"panel-widget-style panel-widget-style-for-361-1-0-1\" ><div\n\t\t\t\n\t\t\tclass=\"so-widget-sow-image so-widget-sow-image-default-c67d20f9f743-361\"\n\t\t\t\n\t\t>\n<div class=\"sow-image-container\">\n\t\t<img \n\tsrc=\"https:\/\/guadameciomeya.com\/wp-content\/uploads\/2019\/12\/img-museo2-1.jpg\" width=\"1100\" height=\"633\" srcset=\"https:\/\/guadameciomeya.com\/wp-content\/uploads\/2019\/12\/img-museo2-1.jpg 1100w, https:\/\/guadameciomeya.com\/wp-content\/uploads\/2019\/12\/img-museo2-1-900x518.jpg 900w, https:\/\/guadameciomeya.com\/wp-content\/uploads\/2019\/12\/img-museo2-1-300x173.jpg 300w, https:\/\/guadameciomeya.com\/wp-content\/uploads\/2019\/12\/img-museo2-1-1024x589.jpg 1024w, https:\/\/guadameciomeya.com\/wp-content\/uploads\/2019\/12\/img-museo2-1-768x442.jpg 768w\" sizes=\"(max-width: 1100px) 100vw, 1100px\" title=\"img-museo2\" alt=\"\" \t\tclass=\"so-widget-image\"\/>\n\t<\/div>\n\n<\/div><\/div><\/div><\/div><\/div><\/div><\/div><div id=\"pg-361-2\"  class=\"panel-grid panel-no-style\" ><div id=\"pgc-361-2-0\"  class=\"panel-grid-cell\" ><div id=\"panel-361-2-0-0\" class=\"widget_text so-panel widget widget_custom_html panel-first-child panel-last-child\" data-index=\"3\" ><div class=\"textwidget custom-html-widget\"><p><strong>All this thanks to our master Mr. Ram\u00f3n Garc\u00eda Romero and Jose Carlos Villarejo Garc\u00eda,<\/strong> research artists on Caliphal and sumptuary techniques which were developed in Cordoba in the 10th century.<\/p>\n<p><strong>In particular,\nyou will learn on the genuine Omeya labour regarding their git-leather panels (guadamec\u00edes),\n<\/strong> which became extraordinarily famous around the world due to their esthetic quality and outstanding beauty. This gilt-leather panel (guadamec\u00ed) was a really appreciated piece which showed a plant and geometric design. It consisted in gilding the leather so as, later, to get it polychromed and ironed and used almost exclusively in important houses and palaces.\n<\/p><\/div><\/div><\/div><\/div><div id=\"pg-361-3\"  class=\"panel-grid panel-no-style\" ><div id=\"pgc-361-3-0\"  class=\"panel-grid-cell\" ><div id=\"panel-361-3-0-0\" class=\"so-panel widget widget_sow-image panel-first-child panel-last-child\" data-index=\"4\" ><div class=\"panel-widget-style panel-widget-style-for-361-3-0-0\" ><div\n\t\t\t\n\t\t\tclass=\"so-widget-sow-image so-widget-sow-image-default-c67d20f9f743-361\"\n\t\t\t\n\t\t>\n<div class=\"sow-image-container\">\n\t\t<img \n\tsrc=\"https:\/\/guadameciomeya.com\/wp-content\/uploads\/2020\/04\/museo-guadameci.jpg\" width=\"1208\" height=\"950\" srcset=\"https:\/\/guadameciomeya.com\/wp-content\/uploads\/2020\/04\/museo-guadameci.jpg 1208w, https:\/\/guadameciomeya.com\/wp-content\/uploads\/2020\/04\/museo-guadameci-900x708.jpg 900w, https:\/\/guadameciomeya.com\/wp-content\/uploads\/2020\/04\/museo-guadameci-300x236.jpg 300w, https:\/\/guadameciomeya.com\/wp-content\/uploads\/2020\/04\/museo-guadameci-1024x805.jpg 1024w, https:\/\/guadameciomeya.com\/wp-content\/uploads\/2020\/04\/museo-guadameci-768x604.jpg 768w\" sizes=\"(max-width: 1208px) 100vw, 1208px\" alt=\"\" \t\tclass=\"so-widget-image\"\/>\n\t<\/div>\n\n<\/div><\/div><\/div><\/div><\/div><div id=\"pg-361-4\"  class=\"panel-grid panel-no-style\" ><div id=\"pgc-361-4-0\"  class=\"panel-grid-cell\" ><div id=\"panel-361-4-0-0\" class=\"widget_text so-panel widget widget_custom_html panel-first-child panel-last-child\" data-index=\"5\" ><div class=\"textwidget custom-html-widget\"><p class=\"text-dest\">This research and recovery work of both artist made up <strong>a unique museum in the world, located in the city of Cordoba (Spain), devoted to this sumptuary art born in the era of the greatest splendour of the Umayyad Caliphate (10th century)<\/strong><\/p><\/div><\/div><\/div><\/div><div id=\"pg-361-5\"  class=\"panel-grid panel-has-style\" ><div class=\"siteorigin-panels-stretch panel-row-style panel-row-style-for-361-5\" data-stretch-type=\"full\" ><div id=\"pgc-361-5-0\"  class=\"panel-grid-cell\" ><div id=\"panel-361-5-0-0\" class=\"widget_text so-panel widget widget_custom_html panel-first-child panel-last-child\" data-index=\"6\" ><div class=\"textwidget custom-html-widget\"><img decoding=\"async\" src=\"https:\/\/guadameciomeya.com\/wp-content\/uploads\/2019\/11\/museo03.jpg\"><\/div><\/div><\/div><div id=\"pgc-361-5-1\"  class=\"panel-grid-cell\" ><div id=\"panel-361-5-1-0\" class=\"widget_text so-panel widget widget_custom_html panel-first-child panel-last-child\" data-index=\"7\" ><div class=\"textwidget custom-html-widget\"><img decoding=\"async\" src=\"https:\/\/guadameciomeya.com\/wp-content\/uploads\/2020\/04\/museo04.jpg\"><\/div><\/div><\/div><\/div><\/div><\/div>","protected":false},"excerpt":{"rendered":"<p>A Unique Museum-House In The World This Museum-House is unique in the world as it shows the recovery of the [&hellip;]<\/p>\n","protected":false},"author":1,"featured_media":0,"parent":0,"menu_order":0,"comment_status":"closed","ping_status":"closed","template":"","meta":{"footnotes":""},"class_list":["post-361","page","type-page","status-publish","hentry"],"_links":{"self":[{"href":"https:\/\/guadameciomeya.com\/en\/wp-json\/wp\/v2\/pages\/361","targetHints":{"allow":["GET"]}}],"collection":[{"href":"https:\/\/guadameciomeya.com\/en\/wp-json\/wp\/v2\/pages"}],"about":[{"href":"https:\/\/guadameciomeya.com\/en\/wp-json\/wp\/v2\/types\/page"}],"author":[{"embeddable":true,"href":"https:\/\/guadameciomeya.com\/en\/wp-json\/wp\/v2\/users\/1"}],"replies":[{"embeddable":true,"href":"https:\/\/guadameciomeya.com\/en\/wp-json\/wp\/v2\/comments?post=361"}],"version-history":[{"count":25,"href":"https:\/\/guadameciomeya.com\/en\/wp-json\/wp\/v2\/pages\/361\/revisions"}],"predecessor-version":[{"id":1817,"href":"https:\/\/guadameciomeya.com\/en\/wp-json\/wp\/v2\/pages\/361\/revisions\/1817"}],"wp:attachment":[{"href":"https:\/\/guadameciomeya.com\/en\/wp-json\/wp\/v2\/media?parent=361"}],"curies":[{"name":"wp","href":"https:\/\/api.w.org\/{rel}","templated":true}]}}