{"id":378,"date":"2019-11-18T13:17:49","date_gmt":"2019-11-18T12:17:49","guid":{"rendered":"http:\/\/naftictest.es\/museo\/artistas-rmr\/"},"modified":"2019-12-27T15:57:05","modified_gmt":"2019-12-27T14:57:05","slug":"artistas-rmr","status":"publish","type":"page","link":"https:\/\/guadameciomeya.com\/en\/artistas-rmr\/","title":{"rendered":"Ram\u00f3n Garc\u00eda Romero"},"content":{"rendered":"<div id=\"pl-378\"  class=\"panel-layout\" ><div id=\"pg-378-0\"  class=\"panel-grid panel-no-style\" ><div id=\"pgc-378-0-0\"  class=\"panel-grid-cell\" ><div id=\"panel-378-0-0-0\" class=\"widget_text so-panel widget widget_custom_html panel-first-child panel-last-child\" data-index=\"0\" ><div class=\"widget_text panel-widget-style panel-widget-style-for-378-0-0-0\" ><div class=\"textwidget custom-html-widget\"><div style=\"width:100%;float:left;\"><img decoding=\"async\" src=\"https:\/\/guadameciomeya.com\/wp-content\/uploads\/2019\/11\/titulo_artistas.png\" width=\"700\"><\/div>\n<img decoding=\"async\" src=\"https:\/\/guadameciomeya.com\/wp-content\/uploads\/2019\/12\/img-rombo.png\" style=\"margin:30px 0;\">\n<div style=\"width:100%;float:left;\">\n\t<h1 class=\"title-page\">Ram\u00f3n Garc\u00eda Romero (1941-2013)<\/h1>\n\t<p class=\"text-dest\"><strong>Ram\u00f3n Garc\u00eda Romero was born in C\u00f3rdoba<\/strong> and, since he was a child, he always felt a special artistic inquietude towards drawing, shapes and color. This inquietude took all his childhood. It appeared in him spontaneously. His toys were pencil crayons, temperas, watercolors and eventually oil paintings.<\/p>\n<\/div><\/div><\/div><\/div><\/div><\/div><div id=\"pg-378-1\"  class=\"panel-grid panel-has-style\" ><div class=\"siteorigin-panels-stretch panel-row-style panel-row-style-for-378-1\" data-stretch-type=\"full-stretched\" ><div id=\"pgc-378-1-0\"  class=\"panel-grid-cell\" ><div id=\"panel-378-1-0-0\" class=\"widget_text so-panel widget widget_custom_html panel-first-child panel-last-child\" data-index=\"1\" ><div class=\"widget_text so-parallax panel-widget-style panel-widget-style-for-378-1-0-0\" ><img fetchpriority=\"high\" decoding=\"async\" width=\"1200\" height=\"672\" src=\"https:\/\/guadameciomeya.com\/wp-content\/uploads\/2019\/12\/img-ramon-1.png\" class=\"widget_text attachment-full size-full\" alt=\"\" data-siteorigin-parallax=\"true\" loading=\"eager\" srcset=\"https:\/\/guadameciomeya.com\/wp-content\/uploads\/2019\/12\/img-ramon-1.png 1200w, https:\/\/guadameciomeya.com\/wp-content\/uploads\/2019\/12\/img-ramon-1-900x504.png 900w, https:\/\/guadameciomeya.com\/wp-content\/uploads\/2019\/12\/img-ramon-1-300x168.png 300w, https:\/\/guadameciomeya.com\/wp-content\/uploads\/2019\/12\/img-ramon-1-1024x573.png 1024w, https:\/\/guadameciomeya.com\/wp-content\/uploads\/2019\/12\/img-ramon-1-768x430.png 768w\" sizes=\"(max-width: 1200px) 100vw, 1200px\" \/><div class=\"textwidget custom-html-widget\">&nbsp;<\/div><\/div><\/div><\/div><\/div><\/div><div id=\"pg-378-2\"  class=\"panel-grid panel-no-style\" ><div id=\"pgc-378-2-0\"  class=\"panel-grid-cell\" ><div id=\"panel-378-2-0-0\" class=\"widget_text so-panel widget widget_custom_html panel-first-child panel-last-child\" data-index=\"2\" ><div class=\"widget_text panel-widget-style panel-widget-style-for-378-2-0-0\" ><div class=\"textwidget custom-html-widget\"><p><strong>During his time at that school, he met a man who would become later his great master: Rafael Bernier Soldevilla,<\/strong> a man committed to teaching and dedicated, above all, to those students who showed qualities and interest in their training. Excited by his way of doing and behavior, he offered Ram\u00f3n to continue his learning in his particular study. In this way, Ram\u00f3n continued his drawing training. There, he discovered the multifaceted richness of this great humanist master that was always worried about all the artistic manifestations and, specially, about those who were rooted in C\u00f3rdoba. \nIn that study, he thought he was dreaming. There, his eyes contemplated a fascinating world. There, his eyes observed the sketch of a drawing, the execution of an illuminated and handwritten parchment, the execution of an embossed and modelled leather, the design of an architectonic drawing, oil drawing and gilt-leather panels (guadamec\u00ed).\n<\/p><\/div><\/div><\/div><\/div><\/div><div id=\"pg-378-3\"  class=\"panel-grid panel-has-style\" ><div class=\"panel-row-style panel-row-style-for-378-3\" ><div id=\"pgc-378-3-0\"  class=\"panel-grid-cell\" ><div id=\"panel-378-3-0-0\" class=\"widget_text so-panel widget widget_custom_html panel-first-child panel-last-child\" data-index=\"3\" ><div class=\"widget_text panel-widget-style panel-widget-style-for-378-3-0-0\" ><div class=\"textwidget custom-html-widget\"><p>Ram\u00f3n Garc\u00eda Romero, passionate about the leather world and its possibilities as an artistic vehicle, goes in depth, finding the initial technique of the guadamec\u00ed that was manufactured in the Umayyad C\u00f3rdoba and was totally disappeared. Since then on, with much tenacity and effort, he is devoted to a long research of the Umayyad gilt-leather panel in time and History. <strong>After intense study, he gets back for Humankind the initial technique of the famous gilt-leather panels of the Caliphate.<\/strong><br><br>So many years of research in Time and in History, so many years of experience and his good deeds originated on him a sense of protection and order of his achievements and the desire to share it with his City of C\u00f3rdoba and specially with his nephew Jose Carlos.<\/p><\/div><\/div><\/div><\/div><div id=\"pgc-378-3-1\"  class=\"panel-grid-cell\" ><div id=\"panel-378-3-1-0\" class=\"widget_text so-panel widget widget_custom_html panel-first-child panel-last-child\" data-index=\"4\" ><div class=\"widget_text panel-widget-style panel-widget-style-for-378-3-1-0\" ><div class=\"textwidget custom-html-widget\"><p>His nephew is his successor, the one he instructed as he also was, the same teaching way in old workshops; of course, the learning started sweeping while observing the processes and, so, learning until you were able to obtain and assimilate the knowledge transmitted by The Master until his culmination.<\/p><\/div><\/div><\/div><\/div><\/div><\/div><div id=\"pg-378-4\"  class=\"panel-grid panel-no-style\" ><div id=\"pgc-378-4-0\"  class=\"panel-grid-cell\" ><div id=\"panel-378-4-0-0\" class=\"widget_text so-panel widget widget_custom_html panel-first-child panel-last-child\" data-index=\"5\" ><div class=\"widget_text panel-widget-style panel-widget-style-for-378-4-0-0\" ><div class=\"textwidget custom-html-widget\"><p><a href=\"https:\/\/guadameciomeya.com\/en\/artistas-jcvg\/\" style=\"text-decoration: underline; color: #786e62;\">Artist \/ <strong>Jose Carlos Villarejo Garcia<\/strong><\/a><\/p><\/div><\/div><\/div><\/div><\/div><\/div>","protected":false},"excerpt":{"rendered":"<p>Ram\u00f3n Garc\u00eda Romero (1941-2013) Ram\u00f3n Garc\u00eda Romero was born in C\u00f3rdoba and, since he was a child, he always felt [&hellip;]<\/p>\n","protected":false},"author":1,"featured_media":0,"parent":0,"menu_order":0,"comment_status":"closed","ping_status":"closed","template":"","meta":{"footnotes":""},"class_list":["post-378","page","type-page","status-publish","hentry"],"_links":{"self":[{"href":"https:\/\/guadameciomeya.com\/en\/wp-json\/wp\/v2\/pages\/378","targetHints":{"allow":["GET"]}}],"collection":[{"href":"https:\/\/guadameciomeya.com\/en\/wp-json\/wp\/v2\/pages"}],"about":[{"href":"https:\/\/guadameciomeya.com\/en\/wp-json\/wp\/v2\/types\/page"}],"author":[{"embeddable":true,"href":"https:\/\/guadameciomeya.com\/en\/wp-json\/wp\/v2\/users\/1"}],"replies":[{"embeddable":true,"href":"https:\/\/guadameciomeya.com\/en\/wp-json\/wp\/v2\/comments?post=378"}],"version-history":[{"count":20,"href":"https:\/\/guadameciomeya.com\/en\/wp-json\/wp\/v2\/pages\/378\/revisions"}],"predecessor-version":[{"id":1754,"href":"https:\/\/guadameciomeya.com\/en\/wp-json\/wp\/v2\/pages\/378\/revisions\/1754"}],"wp:attachment":[{"href":"https:\/\/guadameciomeya.com\/en\/wp-json\/wp\/v2\/media?parent=378"}],"curies":[{"name":"wp","href":"https:\/\/api.w.org\/{rel}","templated":true}]}}