{"id":383,"date":"2019-11-18T12:51:31","date_gmt":"2019-11-18T11:51:31","guid":{"rendered":"http:\/\/naftictest.es\/museo\/artistas-jcvg\/"},"modified":"2019-12-27T09:25:26","modified_gmt":"2019-12-27T08:25:26","slug":"artistas-jcvg","status":"publish","type":"page","link":"https:\/\/guadameciomeya.com\/en\/artistas-jcvg\/","title":{"rendered":"Jose Carlos Villarejo Garcia"},"content":{"rendered":"<div id=\"pl-383\"  class=\"panel-layout\" ><div id=\"pg-383-0\"  class=\"panel-grid panel-no-style\" ><div id=\"pgc-383-0-0\"  class=\"panel-grid-cell\" ><div id=\"panel-383-0-0-0\" class=\"widget_text so-panel widget widget_custom_html panel-first-child panel-last-child\" data-index=\"0\" ><div class=\"widget_text panel-widget-style panel-widget-style-for-383-0-0-0\" ><div class=\"textwidget custom-html-widget\"><div style=\"width:100%;float:left;\"><img decoding=\"async\" src=\"https:\/\/guadameciomeya.com\/wp-content\/uploads\/2019\/11\/titulo_artistas.png\" width=\"700\"><\/div>\n<img decoding=\"async\" src=\"https:\/\/guadameciomeya.com\/wp-content\/uploads\/2019\/12\/img-rombo.png\" style=\"margin:30px 0;\">\n<div style=\"width:100%;float:left;\">\n\t<h1 class=\"title-page\">Jose Carlos Villarejo Garc\u00eda<\/h1>\n\t<p class=\"text-dest\"><strong>This \u201cguadamecilero\u201d artist was born in C\u00f3rdoba (Spain).<\/strong> Moved by an irresistible strength of the beauty and art world since his childhood, he developed in the ornament and leathers from C\u00f3rdoba discipline along with the artist Ram\u00f3n Garc\u00eda Romero, his uncle and master.<\/p>\n<\/div><\/div><\/div><\/div><\/div><\/div><div id=\"pg-383-1\"  class=\"panel-grid panel-has-style\" ><div class=\"siteorigin-panels-stretch panel-row-style panel-row-style-for-383-1\" data-stretch-type=\"full\" ><div id=\"pgc-383-1-0\"  class=\"panel-grid-cell\" ><div id=\"panel-383-1-0-0\" class=\"widget_text so-panel widget widget_custom_html panel-first-child panel-last-child\" data-index=\"1\" ><div class=\"widget_text so-parallax panel-widget-style panel-widget-style-for-383-1-0-0\" ><img fetchpriority=\"high\" decoding=\"async\" width=\"1200\" height=\"798\" src=\"https:\/\/guadameciomeya.com\/wp-content\/uploads\/2019\/12\/josecarlos-parallax.jpg\" class=\"widget_text attachment-full size-full\" alt=\"\" data-siteorigin-parallax=\"true\" loading=\"eager\" srcset=\"https:\/\/guadameciomeya.com\/wp-content\/uploads\/2019\/12\/josecarlos-parallax.jpg 1200w, https:\/\/guadameciomeya.com\/wp-content\/uploads\/2019\/12\/josecarlos-parallax-900x599.jpg 900w, https:\/\/guadameciomeya.com\/wp-content\/uploads\/2019\/12\/josecarlos-parallax-300x200.jpg 300w, https:\/\/guadameciomeya.com\/wp-content\/uploads\/2019\/12\/josecarlos-parallax-1024x681.jpg 1024w, https:\/\/guadameciomeya.com\/wp-content\/uploads\/2019\/12\/josecarlos-parallax-768x511.jpg 768w, https:\/\/guadameciomeya.com\/wp-content\/uploads\/2019\/12\/josecarlos-parallax-272x182.jpg 272w\" sizes=\"(max-width: 1200px) 100vw, 1200px\" \/><div class=\"textwidget custom-html-widget\">&nbsp;<\/div><\/div><\/div><\/div><\/div><\/div><div id=\"pg-383-2\"  class=\"panel-grid panel-no-style\" ><div id=\"pgc-383-2-0\"  class=\"panel-grid-cell\" ><div id=\"panel-383-2-0-0\" class=\"widget_text so-panel widget widget_custom_html panel-first-child panel-last-child\" data-index=\"2\" ><div class=\"widget_text panel-widget-style panel-widget-style-for-383-2-0-0\" ><div class=\"textwidget custom-html-widget\"><p><strong>Together with his master, Jose Carlos Villarejo Garc\u00eda learnt the most diverse leather ornamentation techniques,<\/strong> mastering all its expressions and the mottled and studded finishing; engraving; modelling and embossing, with color, ink and patina finish. As well, in the making of calligraphic and illuminated parchments and in the art which makes it unique in the world: the polychrome and iron garnished guadameci out of the original caliphal technique.<\/p><\/div><\/div><\/div><\/div><\/div><div id=\"pg-383-3\"  class=\"panel-grid panel-has-style\" ><div class=\"panel-row-style panel-row-style-for-383-3\" ><div id=\"pgc-383-3-0\"  class=\"panel-grid-cell\" ><div id=\"panel-383-3-0-0\" class=\"widget_text so-panel widget widget_custom_html panel-first-child panel-last-child\" data-index=\"3\" ><div class=\"textwidget custom-html-widget\"><p style=\"text-align:justify;\"><strong>Jose Carlos Villarejo Garc\u00eda develops all his artistic experiences doing his best to research the history and manage all the techniques he uses to make them last in time, being this caliphal \u201cguadameci\u201d technique the one which makes him stand out from the rest and be a unique artist in the world.<\/strong> Since 2006 up to present, Jose Carlos Villarejo Garc\u00eda has been the manager of the Umayyad Guadameci Museum in C\u00f3rdoba, a cultural and interpretation center specialized in the management, protection and dissemination of the Umayyad techniques in the leather ornamentation.<\/p><\/div><\/div><\/div><div id=\"pgc-383-3-1\"  class=\"panel-grid-cell\" ><div id=\"panel-383-3-1-0\" class=\"widget_text so-panel widget widget_custom_html panel-first-child panel-last-child\" data-index=\"4\" ><div class=\"textwidget custom-html-widget\"><p>In 2017, he published his first book to pay tribute to his master and uncle Ram\u00f3n Garc\u00eda Romero. This book deals with his artistic career, some history features about the \u201cguadamec\u00ed\u201d in the Caliphal C\u00f3rdoba and a short manual on leather work techniques.<br> <br>Likewise, and parallel to these activities, as a specialized artist and under his own trademark, Jose Carlos Villarejo Garc\u00eda develops his \u201cARTE SOBRE PIEL\u201d (art on leather) with his artisitic guadamecies based on the Umayyad technique for private collectors, foundations, institutions and cultural exhibitions.<\/p><\/div><\/div><\/div><\/div><\/div><div id=\"pg-383-4\"  class=\"panel-grid panel-no-style\" ><div id=\"pgc-383-4-0\"  class=\"panel-grid-cell\" ><div id=\"panel-383-4-0-0\" class=\"widget_text so-panel widget widget_custom_html panel-first-child panel-last-child\" data-index=\"5\" ><div class=\"widget_text panel-widget-style panel-widget-style-for-383-4-0-0\" ><div class=\"textwidget custom-html-widget\"><p style=\"margin-bottom:50px;\"><a href=\"https:\/\/josecarlosvillarejo.com\/\" target=\"_blank\" class=\"enl-artistas\">Visit <strong>josecarlosvillarejo.com<\/strong><\/a><\/p>\n<p><a href=\"https:\/\/guadameciomeya.com\/en\/artistas-rmr\/\" style=\"text-decoration: underline; color: #786e62;text-align:center\">Artists \/ <strong>Ram\u00f3n Garc\u00eda Romero<\/strong><\/a><\/p><\/div><\/div><\/div><\/div><\/div><\/div>","protected":false},"excerpt":{"rendered":"<p>Jose Carlos Villarejo Garc\u00eda This \u201cguadamecilero\u201d artist was born in C\u00f3rdoba (Spain). Moved by an irresistible strength of the beauty [&hellip;]<\/p>\n","protected":false},"author":1,"featured_media":0,"parent":0,"menu_order":0,"comment_status":"closed","ping_status":"closed","template":"","meta":{"footnotes":""},"class_list":["post-383","page","type-page","status-publish","hentry"],"_links":{"self":[{"href":"https:\/\/guadameciomeya.com\/en\/wp-json\/wp\/v2\/pages\/383","targetHints":{"allow":["GET"]}}],"collection":[{"href":"https:\/\/guadameciomeya.com\/en\/wp-json\/wp\/v2\/pages"}],"about":[{"href":"https:\/\/guadameciomeya.com\/en\/wp-json\/wp\/v2\/types\/page"}],"author":[{"embeddable":true,"href":"https:\/\/guadameciomeya.com\/en\/wp-json\/wp\/v2\/users\/1"}],"replies":[{"embeddable":true,"href":"https:\/\/guadameciomeya.com\/en\/wp-json\/wp\/v2\/comments?post=383"}],"version-history":[{"count":27,"href":"https:\/\/guadameciomeya.com\/en\/wp-json\/wp\/v2\/pages\/383\/revisions"}],"predecessor-version":[{"id":1639,"href":"https:\/\/guadameciomeya.com\/en\/wp-json\/wp\/v2\/pages\/383\/revisions\/1639"}],"wp:attachment":[{"href":"https:\/\/guadameciomeya.com\/en\/wp-json\/wp\/v2\/media?parent=383"}],"curies":[{"name":"wp","href":"https:\/\/api.w.org\/{rel}","templated":true}]}}