{"id":869,"date":"2019-12-03T10:01:33","date_gmt":"2019-12-03T09:01:33","guid":{"rendered":"http:\/\/naftictest.es\/museo\/?page_id=869"},"modified":"2019-12-27T10:05:31","modified_gmt":"2019-12-27T09:05:31","slug":"private-policy","status":"publish","type":"page","link":"https:\/\/guadameciomeya.com\/en\/private-policy\/","title":{"rendered":"Private Policy"},"content":{"rendered":"<div style=\"max-width:960px;margin:0 auto;\">\n<h2 class=\"title-page\"><strong>Pol\u00edtica de privacidad<\/strong><\/h2>\n<p>De conformidad con la vigente Ley Org\u00e1nica 15\/1999 de Protecci\u00f3n de Datos, GUADAMEC\u00cd OMEYA, SLU. informa que los datos de car\u00e1cter personal de los usuarios del web site <a href=\"http:\/\/www.guadameciomeya.com\/\">http:\/\/www.guadameciomeya.com\/<\/a>\u00a0se incorporar\u00e1n y tratar\u00e1n en un fichero de datos de car\u00e1cter personal para uso interno de clientes, proveedores, comercial y recursos humanos propios de GUADAMEC\u00cd OMEYA, SLU. As\u00ed mismo, se informa al usuario que en cualquier momento puede ejercitar los derechos de acceso, rectificaci\u00f3n, cancelaci\u00f3n y oposici\u00f3n notific\u00e1ndolo a:<\/p>\n<p><strong>GUADAMEC\u00cd OMEYA, SLU.<\/strong><br \/>\n<strong>CIF \/ NIF:<\/strong> B-56119969<br \/>\n<strong>Direcci\u00f3n:<\/strong> Plaza Agrupaci\u00f3n de Cofrad\u00edas 2 cp 14003 C\u00f3rdoba. Tel. +34 957050131<br \/>\n<strong>E-mail:<\/strong> info@josecarlosvillarejo.com<\/p>\n<p>Adem\u00e1s, presto mi consentimiento para la cesi\u00f3n de mis datos de car\u00e1cter personal a las empresas con las que GUADAMEC\u00cd OMEYA, SLU. pueda colaborar para mejorar sus servicios ya sea en Espa\u00f1a o en el extranjero, siempre que se respete la legislaci\u00f3n espa\u00f1ola sobre protecci\u00f3n de datos de car\u00e1cter personal.<\/p>\n<p>Los datos que el usuario proporciona a GUADAMEC\u00cd OMEYA, SLU. ser\u00e1n verdaderos y exactos. Adem\u00e1s ser\u00e1 el \u00fanico responsable de cualquier da\u00f1o o perjuicio, directo o indirecto que pueda ocasionar a GUADAMEC\u00cd OMEYA, SLU. o a cualquier tercero por el incumplimiento de estos t\u00e9rminos.<\/p>\n<p>GUADAMEC\u00cd OMEYA, SLU. garantiza la confidencialidad de los datos de car\u00e1cter personal facilitados por los usuarios que son recogidos a trav\u00e9s de su servidor.<\/p>\n<p>GUADAMEC\u00cd OMEYA, SLU. es el responsable del fichero donde se incorporan los datos de car\u00e1cter personal facilitados por el usuario y cuenta con todos los medios para garantizar la seguridad y protecci\u00f3n de sus sistemas de informaci\u00f3n as\u00ed como de los datos de los clientes que en ellos se almacenan.<\/p>\n<p>Cuando se inicie un procedimiento de recogida de datos de car\u00e1cter obligatorio, la negativa a proporcionar dichos datos implicar\u00e1 la no prestaci\u00f3n del servicio para los que eran solicitados. Existir\u00e1 la posibilidad de facilitar datos voluntariamente para mejorar la prestaci\u00f3n de nuestros servicios.<\/p>\n<p>Cuando se requiera la direcci\u00f3n de correo electr\u00f3nico del usuario para acceder a alguno de nuestros servicios, se podr\u00e1 manifestar que no se desea recibir comunicaciones comerciales de GUADAMEC\u00cd OMEYA, SLU. que no sean necesarias para la finalidad del servicio solicitado. GUADAMEC\u00cd OMEYA, SLU. proporcionar\u00e1 al usuario inscrito en alguna lista de correo, los medios necesarios para darse de baja.<\/p>\n<p>El uso de los servicios ofrecidos en el presente web site por menores de edad tiene que haber sido previamente autorizado por sus padres, tutores o representantes legales ya que tienen la consideraci\u00f3n de responsables de los actos que realicen los menores a su cargo.<\/p><\/div>\n","protected":false},"excerpt":{"rendered":"<p>Pol\u00edtica de privacidad De conformidad con la vigente Ley Org\u00e1nica 15\/1999 de Protecci\u00f3n de Datos, GUADAMEC\u00cd OMEYA, SLU. informa que [&hellip;]<\/p>\n","protected":false},"author":1,"featured_media":0,"parent":0,"menu_order":0,"comment_status":"closed","ping_status":"open","template":"","meta":{"footnotes":""},"class_list":["post-869","page","type-page","status-publish","hentry"],"_links":{"self":[{"href":"https:\/\/guadameciomeya.com\/en\/wp-json\/wp\/v2\/pages\/869","targetHints":{"allow":["GET"]}}],"collection":[{"href":"https:\/\/guadameciomeya.com\/en\/wp-json\/wp\/v2\/pages"}],"about":[{"href":"https:\/\/guadameciomeya.com\/en\/wp-json\/wp\/v2\/types\/page"}],"author":[{"embeddable":true,"href":"https:\/\/guadameciomeya.com\/en\/wp-json\/wp\/v2\/users\/1"}],"replies":[{"embeddable":true,"href":"https:\/\/guadameciomeya.com\/en\/wp-json\/wp\/v2\/comments?post=869"}],"version-history":[{"count":2,"href":"https:\/\/guadameciomeya.com\/en\/wp-json\/wp\/v2\/pages\/869\/revisions"}],"predecessor-version":[{"id":1663,"href":"https:\/\/guadameciomeya.com\/en\/wp-json\/wp\/v2\/pages\/869\/revisions\/1663"}],"wp:attachment":[{"href":"https:\/\/guadameciomeya.com\/en\/wp-json\/wp\/v2\/media?parent=869"}],"curies":[{"name":"wp","href":"https:\/\/api.w.org\/{rel}","templated":true}]}}